{"id":2378,"date":"2020-08-24T13:38:11","date_gmt":"2020-08-24T13:38:11","guid":{"rendered":"http:\/\/omidewa.com.br\/public_html\/?page_id=2378"},"modified":"2020-08-24T13:38:14","modified_gmt":"2020-08-24T13:38:14","slug":"itan-principio-e-fim","status":"publish","type":"page","link":"http:\/\/omidewa.com.br\/public_html\/itan-principio-e-fim","title":{"rendered":"Itan: Princ\u00edpio e Fim"},"content":{"rendered":"\n<p class=\"has-text-align-left\">Nan\u00e3, o ventre m\u00e3e de todas as gera\u00e7\u00f5es \u2013 senhora do portal da vida e da morte\u201d, determinou, em car\u00e1ter irrevog\u00e1vel, que nenhuma pessoa do sexo masculino teria acesso ao Mundo dos Mortos. \u00d2luf\u00f3n, o grande Orix\u00e1 funfum, inconformado com a decis\u00e3o de Nan\u00e3, n\u00e3o somente por ser seu esposo, mas tamb\u00e9m pela sua condi\u00e7\u00e3o diante dos demais Orix\u00e1s, resolveu contornar a situa\u00e7\u00e3o, colocando-se a seu favor. \u00d2luf\u00f3n tinha ci\u00eancia de que, ao Transpor o portal da vida e da morte, correria o risco de ficar retido no mesmo, mas, mesmo assim, seguiu Nan\u00e3 sorrateiramente quando a mesma se dirigiu ao Mundo dos Mortos, aproveitando-de do descuido do portal aberto. Sem que Nan\u00e3 percebesse, \u00d2luf\u00f3n observou todos os seus atos e procedimentos junto aos mortos, nada passou despercebido ante a \u00d2luf\u00f3n, a tudo ele ficou atento: a entrega das folhas, as caba\u00e7as, o instrumento que os invocava, enfim, toda a liturgia e ritual da vida, da morte. No entanto, o que mais chamou aten\u00e7\u00e3o de \u00d2luf\u00f3n, foram os c\u00e2ntigos, uma vez que, Nan\u00e3 ao inv\u00e9s de ento\u00e1-los, gungunava. Ap\u00f3s a realiza\u00e7\u00e3o de todos ritual, Nan\u00e3 voltou ao \u00e0iy\u00e9, sem perceber que \u00d2luf\u00f3n a tinha seguido e voltado com ela do Mundo dos Mortos. Ao voltar para o \u00e0iy\u00e8, \u00d2luf\u00f3n engendrou um plano para entrar no Mundo dos Mortos e passar para s\u00ed os mesmos poderes atribu\u00eddos a Nan\u00e3. Antes de retornar, para executar seu plano, \u00d2luf\u00f3n entrou escondido nos aposentos de Nan\u00e3, apoderou-se de seu cetro e da sua coroa, colocando-a imediatamente sobre a sua cabe\u00e7a e em seguida cobrindo-se totalmente com o manto preto e outro feito de palha da costa tran\u00e7ada em forma de rede, vestimenta essa que servia Nan\u00e3 quando a mesma participava do ritual da vida e da morte. Ap\u00f3s isso, \u00d2luf\u00f3n seguiu rumo a outra dimens\u00e3o. Totalmente disfar\u00e7ado com as vestes de Nan\u00e3, Bagb\u00e1 \u00d2luf\u00f3n chegou ao Mundo dos Mortos, tratando logo de executar seu ardiloso plano, procedendo da mesma maneira que Nan\u00e3. Entretanto, com apenas uma exce\u00e7\u00e3o, ao inv\u00e9s de gungunar com os mortos, \u00d2luf\u00f3n falou-lhes: \u201d A partir de hoje, voc\u00eas obedecer\u00e3o tamb\u00e9m ao meu esposo \u00d2luf\u00f3n. Os desejos e as determina\u00e7\u00f5es dele dever\u00e3o ser cumpridas. Sempre que ele fizer algum pedido, voc\u00eas dever\u00e3o atend\u00ea-lo\u201d. Enquanto \u00d2luf\u00f3n executava seu astucioso plano no Mundo dos mortos, do outro lado da dimen\u00e7\u00e3o, Atior\u00f3, o p\u00e1ssaro sagrado que fica ostentado sobre o cajado de Nan\u00e3, n\u00e3o cessava de gritar, indo e voltando ao mundo dos mortos. Nan\u00e3, ao perceber ao perceber que algo de anormal estava acontecendo no reino dos Mortos, seguiu imediatamente para o local, chegando justamente no momento que \u00d2luf\u00f3n terminava seu habilidoso plano. Nan\u00e3 tentou de todas as maneiras desfazer a trama de \u00d2luf\u00f3n mas todos os seus esfor\u00e7os foram in\u00fateis, os Eg\u00fans n\u00e3o reconheceram a sua voz, pois ela n\u00e3o falava com eles antes, apenas gungunava. Irada com o procedimento de seu esposo, Nan\u00e3 pronunciou-se: N\u00e3o tenho como desfazer sua trama, serei obrigada a compartilhar contigo o segredo da morte, portanto, a partir de hoje, ser\u00e1s aquele que tocar\u00e1 o cajado\/Oparun por tr\u00eas vezes consecutivas sobre a terra, prenunciando o fim de um ciclo, isto \u00e9, a morte de um ser humano.<br>N\u00e3o satisfeita e ainda enraivecida, Nan\u00e3 setenciou: \u00d2luf\u00f3n, em virtude de tua afronta, de hoje em diante, carregar\u00e1s para sempre sobre teu ombro esquerdo o p\u00e1ssaro Atior\u00f3. Aceitar\u00e1s, tal como eu, somente oferendas de animais do sexo feminino deixando assim de aceitar unicamente animais portadores de sangue branco.<br>Texto adaptado: Fernando D\u2019Osogiyan<\/p>\n\n\n\n<p class=\"has-text-align-left\"><img decoding=\"async\" loading=\"lazy\" width=\"365\" height=\"580\" class=\"wp-image-2379\" style=\"width: 300px;\" src=\"http:\/\/omidewa.com.br\/public_html\/wp-content\/uploads\/2020\/08\/60195b283655781039f8ca570ae33a86.jpg\" alt=\"\" srcset=\"http:\/\/omidewa.com.br\/public_html\/wp-content\/uploads\/2020\/08\/60195b283655781039f8ca570ae33a86.jpg 365w, http:\/\/omidewa.com.br\/public_html\/wp-content\/uploads\/2020\/08\/60195b283655781039f8ca570ae33a86-189x300.jpg 189w\" sizes=\"(max-width: 365px) 100vw, 365px\" \/><\/p>\n","protected":false},"excerpt":{"rendered":"<p>Nan\u00e3, o ventre m\u00e3e de todas as gera\u00e7\u00f5es \u2013 senhora do portal da vida e da morte\u201d, determinou, em car\u00e1ter irrevog\u00e1vel, que nenhuma pessoa do sexo masculino teria acesso ao Mundo dos Mortos. \u00d2luf\u00f3n, o grande Orix\u00e1 funfum, inconformado com a decis\u00e3o de Nan\u00e3, n\u00e3o somente por ser seu esposo, mas tamb\u00e9m pela sua condi\u00e7\u00e3o &hellip; <\/p>\n<p><a class=\"more-link block-button\" href=\"http:\/\/omidewa.com.br\/public_html\/itan-principio-e-fim\">Continue lendo &raquo;<\/a><\/p>\n","protected":false},"author":1,"featured_media":0,"parent":0,"menu_order":0,"comment_status":"closed","ping_status":"closed","template":"","meta":[],"_links":{"self":[{"href":"http:\/\/omidewa.com.br\/public_html\/wp-json\/wp\/v2\/pages\/2378"}],"collection":[{"href":"http:\/\/omidewa.com.br\/public_html\/wp-json\/wp\/v2\/pages"}],"about":[{"href":"http:\/\/omidewa.com.br\/public_html\/wp-json\/wp\/v2\/types\/page"}],"author":[{"embeddable":true,"href":"http:\/\/omidewa.com.br\/public_html\/wp-json\/wp\/v2\/users\/1"}],"replies":[{"embeddable":true,"href":"http:\/\/omidewa.com.br\/public_html\/wp-json\/wp\/v2\/comments?post=2378"}],"version-history":[{"count":3,"href":"http:\/\/omidewa.com.br\/public_html\/wp-json\/wp\/v2\/pages\/2378\/revisions"}],"predecessor-version":[{"id":2382,"href":"http:\/\/omidewa.com.br\/public_html\/wp-json\/wp\/v2\/pages\/2378\/revisions\/2382"}],"wp:attachment":[{"href":"http:\/\/omidewa.com.br\/public_html\/wp-json\/wp\/v2\/media?parent=2378"}],"curies":[{"name":"wp","href":"https:\/\/api.w.org\/{rel}","templated":true}]}}