{"id":75,"date":"2011-03-17T15:44:00","date_gmt":"2011-03-17T15:44:00","guid":{"rendered":"http:\/\/omidewa.com.br\/public_html\/?page_id=75"},"modified":"2019-03-21T17:27:31","modified_gmt":"2019-03-21T17:27:31","slug":"sobre","status":"publish","type":"page","link":"http:\/\/omidewa.com.br\/public_html\/sobre","title":{"rendered":"Conhecendo a Iy\u00e1"},"content":{"rendered":"<p><a href=\"http:\/\/omidewa.com.br\/public_html\/wp-content\/uploads\/2011\/03\/DSC0013.jpg\"><img decoding=\"async\" loading=\"lazy\" class=\"alignleft size-medium wp-image-1288\" title=\"_DSC0013\" src=\"http:\/\/omidewa.com.br\/public_html\/wp-content\/uploads\/2011\/03\/DSC0013-300x201.jpg\" alt=\"\" width=\"300\" height=\"201\" srcset=\"http:\/\/omidewa.com.br\/public_html\/wp-content\/uploads\/2011\/03\/DSC0013-300x201.jpg 300w, http:\/\/omidewa.com.br\/public_html\/wp-content\/uploads\/2011\/03\/DSC0013.jpg 800w\" sizes=\"(max-width: 300px) 100vw, 300px\" \/><\/a>L\u00facia Oliveira foi iniciada na Jurema em 1976 pelo sacerdote Manoel Rodrigues de Ara\u00fajo, em Campina Grande.<br \/>\nIniciou-se para o Orix\u00e1 em Mar\u00e7o de 1981, na Na\u00e7\u00e3o Jeje Mahin, pela sacerdotisa Deta de Bessen (in memorian).<br \/>\nIngressou no Il\u00ea Ax\u00e9 Op\u00f4 Afonj\u00e1, da Na\u00e7\u00e3o Ketu, em 1999 e, desde ent\u00e3o, faz parte desta fam\u00edlia pelas m\u00e3os da Iyalorix\u00e1 Stella de Ox\u00f3ssi.<br \/>\nIy\u00e1 L\u00facia Omidew\u00e1 \u00e9 filha de Oxum. \u00c9 a Iyalorix\u00e1 respons\u00e1vel pelo terreiro de Candombl\u00e9 Il\u00ea As\u00e8 Op\u00f4 Omidew\u00e1, membro do Conselho Nacional de Seguran\u00e7a Alimentar e Nutricional (Consea), membro do Conselho Municipal de Sa\u00fade, membro do N\u00facleo Para\u00edba da Rede Nacional de Religi\u00f5es Afro-brasileiras e Sa\u00fade (RENAFRO) e do Programa Fome Zero, do Governo Federal, para o povo de terreiro, al\u00e9m de diretora do Centro de Cultura Afro-Brasileira Il\u00ea As\u00e8 Op\u00f4 Omidew\u00e1.<br \/>\nSeu nome, Omidew\u00e1, traduzido do iorub\u00e1 arcaico significa &#8220;\u00e1gua chegou&#8221;.<\/p>\n<p><strong>IL\u00ca AS\u00c8 OP\u00d4 OMIDEW\u00c1<\/strong><\/p>\n<p>O Centro de Cultura Afro-Brasileira Il\u00ea As\u00e8 Op\u00f4 Omidew\u00e1 \u00e9 uma sociedade sem fins lucrativos e tem a finalidade de prover a manuten\u00e7\u00e3o e a preserva\u00e7\u00e3o, com absoluto respeito ao legado dos antepassados, de sua casa m\u00e3e, o <a href=\"http:\/\/pt.wikipedia.org\/wiki\/Il%C3%AA_Ax%C3%A9_Op%C3%B4_Afonj%C3%A1\">Il\u00ea Ax\u00e9 Op\u00f4 Afonj\u00e1<\/a>, zelando tamb\u00e9m pela preserva\u00e7\u00e3o dos seus instrumentos de culto e seu patrim\u00f4nio. Tamb\u00e9m funciona como Terreiro de Candombl\u00e9 da Na\u00e7\u00e3o Ketu, e atua na regi\u00e3o com:<\/p>\n<p>&#8211; Palestras, interagindo com outros terreiros de v\u00e1rios segmentos;<\/p>\n<p>&#8211; Distribui\u00e7\u00e3o de cestas b\u00e1sicas pelo Programa Fome Zero para as comunidades de v\u00e1rios terreiros;<\/p>\n<p>&#8211; Servi\u00e7os de assist\u00eancia social e religiosa para a comunidade do Valentina pr\u00f3xima ao Il\u00ea.<\/p>\n<p><span style=\"color: #000000;\"><strong>CONTATOS:<\/strong><\/span><\/p>\n<ul>\n<li><strong>E-mail:<\/strong> omidewa@hotmail.com;<\/li>\n<li><strong>Telefones:<\/strong> +55 83 98896-3241 (Iy\u00e1 L\u00facia); +55 83 3212-7524 (Il\u00ea\/Terreiro);<\/li>\n<li><strong>Facebook:<\/strong> <a title=\"Facebook\" href=\" https:\/\/pt-br.facebook.com\/ileaxe.omidewa\">https:\/\/pt-br.facebook.com\/<strong>ileaxe<\/strong>.<strong>omidewa<\/strong><\/a><\/li>\n<li><strong>Instagram:<\/strong> <a href=\"https:\/\/www.instagram.com\/ileaseomidewa\/\">@ileaseomidewa<\/a><\/li>\n<\/ul>\n","protected":false},"excerpt":{"rendered":"<p>L\u00facia Oliveira foi iniciada na Jurema em 1976 pelo sacerdote Manoel Rodrigues de Ara\u00fajo, em Campina Grande. Iniciou-se para o Orix\u00e1 em Mar\u00e7o de 1981, na Na\u00e7\u00e3o Jeje Mahin, pela sacerdotisa Deta de Bessen (in memorian). Ingressou no Il\u00ea Ax\u00e9 Op\u00f4 Afonj\u00e1, da Na\u00e7\u00e3o Ketu, em 1999 e, desde ent\u00e3o, faz parte desta fam\u00edlia pelas &hellip; <\/p>\n<p><a class=\"more-link block-button\" href=\"http:\/\/omidewa.com.br\/public_html\/sobre\">Continue lendo &raquo;<\/a><\/p>\n","protected":false},"author":1,"featured_media":0,"parent":0,"menu_order":0,"comment_status":"open","ping_status":"open","template":"","meta":[],"_links":{"self":[{"href":"http:\/\/omidewa.com.br\/public_html\/wp-json\/wp\/v2\/pages\/75"}],"collection":[{"href":"http:\/\/omidewa.com.br\/public_html\/wp-json\/wp\/v2\/pages"}],"about":[{"href":"http:\/\/omidewa.com.br\/public_html\/wp-json\/wp\/v2\/types\/page"}],"author":[{"embeddable":true,"href":"http:\/\/omidewa.com.br\/public_html\/wp-json\/wp\/v2\/users\/1"}],"replies":[{"embeddable":true,"href":"http:\/\/omidewa.com.br\/public_html\/wp-json\/wp\/v2\/comments?post=75"}],"version-history":[{"count":12,"href":"http:\/\/omidewa.com.br\/public_html\/wp-json\/wp\/v2\/pages\/75\/revisions"}],"predecessor-version":[{"id":2225,"href":"http:\/\/omidewa.com.br\/public_html\/wp-json\/wp\/v2\/pages\/75\/revisions\/2225"}],"wp:attachment":[{"href":"http:\/\/omidewa.com.br\/public_html\/wp-json\/wp\/v2\/media?parent=75"}],"curies":[{"name":"wp","href":"https:\/\/api.w.org\/{rel}","templated":true}]}}